{"id":1259,"date":"2025-07-14T05:20:54","date_gmt":"2025-07-14T05:20:54","guid":{"rendered":"https:\/\/techbask.com\/home\/"},"modified":"2026-03-30T12:37:14","modified_gmt":"2026-03-30T12:37:14","slug":"home","status":"publish","type":"page","link":"https:\/\/techbask.com\/","title":{"rendered":"Home"},"content":{"rendered":"\n<div class=\"wp-block-uagb-container uagb-block-edf9ad47 alignfull uagb-is-root-container\"><div class=\"uagb-container-inner-blocks-wrap\">\n<div class=\"wp-block-uagb-info-box uagb-block-360d083e uagb-infobox__content-wrap  uagb-infobox-icon-above-title uagb-infobox-image-valign-top\"><div class=\"uagb-ifb-content\"><div class=\"uagb-ifb-title-wrap\"><h1 class=\"uagb-ifb-title\">Secure Your Digital Future<\/h1><\/div><p class=\"uagb-ifb-desc\">Comprehensive cybersecurity solutions tailored to protect your business from evolving digital threats.Best&nbsp;<strong><a href=\"https:\/\/www.rolexreplicaswissmade.com\">replica watches for sale<\/a><\/strong>&nbsp;UK Online Store For Men. Buy Cheap Fake Rolex Submariner Watches For Free Shipping.<\/p><div class=\"uagb-ifb-button-wrapper wp-block-button\"><a href=\"contact\/\" class=\"uagb-infobox-cta-link wp-block-button__link\" target=\"_self\" rel=\"noopener noreferrer\" onclick=\"return true;\"><span class=\"uagb-inline-editing\">Get Started<\/span><\/a><\/div><\/div><\/div>\n<\/div><\/div>\n\n\n\n<div class=\"wp-block-uagb-container uagb-block-cd2fc679 alignfull uagb-is-root-container\"><div class=\"uagb-container-inner-blocks-wrap\">\n<div class=\"wp-block-uagb-info-box uagb-block-3b175fd5 uagb-infobox__content-wrap  uagb-infobox-icon-above-title uagb-infobox-image-valign-top\"><div class=\"uagb-ifb-content\"><div class=\"uagb-ifb-title-wrap\"><h2 class=\"uagb-ifb-title\">Comprehensive Security Services<\/h2><\/div><p class=\"uagb-ifb-desc\">Explore our range of tailored cybersecurity services designed to protect your business from evolving digital threats effectively.<\/p><\/div><\/div>\n\n\n\n<div class=\"wp-block-uagb-container uagb-block-93377a07\">\n<div class=\"wp-block-uagb-container uagb-block-fae5d157\">\n<div class=\"wp-block-uagb-image alignleft uagb-block-df4cd6be wp-block-uagb-image--layout-default wp-block-uagb-image--effect-static wp-block-uagb-image--align-left\"><figure class=\"wp-block-uagb-image__figure\"><img decoding=\"async\" srcset=\"https:\/\/techbask.com\/wp-content\/uploads\/2025\/07\/pexels-photo-5380792.jpeg ,https:\/\/techbask.com\/wp-content\/uploads\/2025\/07\/pexels-photo-5380792.jpeg 780w, https:\/\/techbask.com\/wp-content\/uploads\/2025\/07\/pexels-photo-5380792.jpeg 360w\" sizes=\"auto, (max-width: 480px) 150px\" src=\"https:\/\/techbask.com\/wp-content\/uploads\/2025\/07\/pexels-photo-5380792.jpeg\" alt=\"\" class=\"uag-image-8\" width=\"373\" height=\"480\" title=\"\" loading=\"lazy\" role=\"img\"\/><\/figure><\/div>\n\n\n\n<div class=\"wp-block-uagb-advanced-heading uagb-block-82da6484\"><h3 class=\"uagb-heading-text\">Risk Assessment<\/h3><p class=\"uagb-desc-text\">Identify vulnerabilities in your systems with our comprehensive risk assessment services. We analyze threats and provide actionable insights for enhanced security.<\/p><\/div>\n<\/div>\n\n\n\n<div class=\"wp-block-uagb-container uagb-block-b4a21a88\">\n<div class=\"wp-block-uagb-image alignleft uagb-block-2400b6c1 wp-block-uagb-image--layout-default wp-block-uagb-image--effect-static wp-block-uagb-image--align-left\"><figure class=\"wp-block-uagb-image__figure\"><img decoding=\"async\" srcset=\"https:\/\/techbask.com\/wp-content\/uploads\/2025\/07\/pexels-photo-5240547.jpeg ,https:\/\/techbask.com\/wp-content\/uploads\/2025\/07\/pexels-photo-5240547.jpeg 780w, https:\/\/techbask.com\/wp-content\/uploads\/2025\/07\/pexels-photo-5240547.jpeg 360w\" sizes=\"auto, (max-width: 480px) 150px\" src=\"https:\/\/techbask.com\/wp-content\/uploads\/2025\/07\/pexels-photo-5240547.jpeg\" alt=\"\" class=\"uag-image-9\" width=\"373\" height=\"480\" title=\"\" loading=\"lazy\" role=\"img\"\/><\/figure><\/div>\n\n\n\n<div class=\"wp-block-uagb-advanced-heading uagb-block-ddf76d8a\"><h3 class=\"uagb-heading-text\">Threat Monitoring<\/h3><p class=\"uagb-desc-text\">Stay ahead of potential attacks with our 24\/7 threat monitoring services. We detect anomalies in real-time to ensure your data remains protected.<\/p><\/div>\n<\/div>\n\n\n\n<div class=\"wp-block-uagb-container uagb-block-4be5b602\">\n<div class=\"wp-block-uagb-image alignleft uagb-block-b48fe4eb wp-block-uagb-image--layout-default wp-block-uagb-image--effect-static wp-block-uagb-image--align-left\"><figure class=\"wp-block-uagb-image__figure\"><img decoding=\"async\" srcset=\"https:\/\/techbask.com\/wp-content\/uploads\/2025\/07\/pexels-photo-4682189.jpeg ,https:\/\/techbask.com\/wp-content\/uploads\/2025\/07\/pexels-photo-4682189.jpeg 780w, https:\/\/techbask.com\/wp-content\/uploads\/2025\/07\/pexels-photo-4682189.jpeg 360w\" sizes=\"auto, (max-width: 480px) 150px\" src=\"https:\/\/techbask.com\/wp-content\/uploads\/2025\/07\/pexels-photo-4682189.jpeg\" alt=\"\" class=\"uag-image-10\" width=\"373\" height=\"480\" title=\"\" loading=\"lazy\" role=\"img\"\/><\/figure><\/div>\n\n\n\n<div class=\"wp-block-uagb-advanced-heading uagb-block-2d89467b\"><h3 class=\"uagb-heading-text\">Incident Response<\/h3><p class=\"uagb-desc-text\">In the event of a security breach, our expert incident response team is here to help. We minimize damage and restore your operations swiftly.<\/p><\/div>\n<\/div>\n<\/div>\n<\/div><\/div>\n\n\n\n<div class=\"wp-block-uagb-container uagb-block-0cf1e869 alignfull uagb-is-root-container\"><div class=\"uagb-container-inner-blocks-wrap\">\n<div class=\"wp-block-uagb-container uagb-block-8e894bf5\">\n<div class=\"wp-block-uagb-image alignleft uagb-block-88e52dea wp-block-uagb-image--layout-default wp-block-uagb-image--effect-static wp-block-uagb-image--align-left\"><figure class=\"wp-block-uagb-image__figure\"><img decoding=\"async\" srcset=\"https:\/\/techbask.com\/wp-content\/uploads\/2025\/07\/pexels-photo-30901557.jpeg ,https:\/\/techbask.com\/wp-content\/uploads\/2025\/07\/pexels-photo-30901557.jpeg 780w, https:\/\/techbask.com\/wp-content\/uploads\/2025\/07\/pexels-photo-30901557.jpeg 360w\" sizes=\"auto, (max-width: 480px) 150px\" src=\"https:\/\/techbask.com\/wp-content\/uploads\/2025\/07\/pexels-photo-30901557.jpeg\" alt=\"\" class=\"uag-image-11\" width=\"550\" height=\"536\" title=\"\" loading=\"lazy\" role=\"img\"\/><\/figure><\/div>\n<\/div>\n\n\n\n<div class=\"wp-block-uagb-container uagb-block-db5a712e\">\n<div class=\"wp-block-uagb-info-box uagb-block-69f2621f uagb-infobox__content-wrap  uagb-infobox-icon-above-title uagb-infobox-image-valign-top\"><div class=\"uagb-ifb-content\"><div class=\"uagb-ifb-title-wrap\"><h2 class=\"uagb-ifb-title\">Our Journey in Cybersecurity Innovation<\/h2><\/div><p class=\"uagb-ifb-desc\">With years of experience in the cybersecurity sector, TechBask specializes in safeguarding businesses against an array of digital threats. Our expertise spans risk assessments, threat monitoring, and incident response, ensuring robust security solutions tailored to meet our clients&#8217; specific needs. Our team stays ahead of industry trends to provide innovative and effective strategies.<\/p><div class=\"uagb-ifb-button-wrapper wp-block-button\"><a href=\"about\/\" class=\"uagb-infobox-cta-link wp-block-button__link\" target=\"_self\" rel=\"noopener noreferrer\" onclick=\"return true;\"><span class=\"uagb-inline-editing\">Learn More<\/span><\/a><\/div><\/div><\/div>\n<\/div>\n<\/div><\/div>\n\n\n\n<div class=\"wp-block-uagb-container uagb-block-b9774670 alignfull uagb-is-root-container\"><div class=\"uagb-container-inner-blocks-wrap\">\n<div class=\"wp-block-uagb-testimonial uagb-slick-carousel uagb-tm__arrow-outside uagb-block-9c5eb390 uagb-post__carousel_notset uagb-post__carousel_notset-tablet uagb-post__carousel_notset-mobile\"><div class=\"is-carousel uagb-tm__columns-1 uagb-tm__items\"><div class=\"uagb-testimonial__wrap  uagb-tm__imgicon-style-circle uagb-tm__image-position-top uagb-tm__bg-type-none \"><div class=\"uagb-tm__content\"><div class=\"uagb-tm__overlay\"><\/div><div class=\"uagb-tm__image-content\"><div class=\"uagb-tm__image\"><img decoding=\"async\" class=\"uagb-tm-img-src\" src=\"https:\/\/techbask.com\/wp-content\/uploads\/2023\/08\/testimonial-skip-01.jpeg\" alt=\"\" width=\"64\" height=\"64\" loading=\"lazy\"\/><\/div><\/div><div class=\"uagb-tm__text-wrap\"><div class=\"uagb-tm__desc\">TechBask transformed our cybersecurity approach, allowing us to focus on growth with peace of mind. Their team is truly exceptional.<\/div><div class=\"uagb-tm__meta-inner\"><div class=\"uagb-testimonial-details\"><span class=\"uagb-tm__author-name\">Rajiv Sharma<\/span><span class=\"uagb-tm__company\"><\/span><\/div><\/div><\/div><\/div><\/div><\/div><\/div>\n<\/div><\/div>\n\n\n\n<div class=\"wp-block-uagb-container uagb-block-ec01bfa7 alignfull uagb-is-root-container\"><div class=\"uagb-container-inner-blocks-wrap\">\n<div class=\"wp-block-uagb-info-box uagb-block-13d69fb3 uagb-infobox__content-wrap  uagb-infobox-icon-above-title uagb-infobox-image-valign-top\"><div class=\"uagb-ifb-content\"><div class=\"uagb-ifb-title-wrap\"><h2 class=\"uagb-ifb-title\">Why Choose TechBask for Security Excellence?<\/h2><\/div><p class=\"uagb-ifb-desc\">Our commitment to innovative solutions, proactive strategies, and customized approaches sets us apart in the cybersecurity landscape. Trust us to protect your data.<\/p><\/div><\/div>\n\n\n\n<div class=\"wp-block-uagb-container uagb-block-5bf3f238\">\n<div class=\"wp-block-uagb-container uagb-block-8b947d96\">\n<div class=\"wp-block-uagb-image uagb-block-f831083c wp-block-uagb-image--layout-default wp-block-uagb-image--effect-static wp-block-uagb-image--align-none\"><figure class=\"wp-block-uagb-image__figure\"><img decoding=\"async\" srcset=\"https:\/\/techbask.com\/wp-content\/uploads\/2025\/07\/pexels-photo-5380651.jpeg ,https:\/\/techbask.com\/wp-content\/uploads\/2025\/07\/pexels-photo-5380651.jpeg 780w, https:\/\/techbask.com\/wp-content\/uploads\/2025\/07\/pexels-photo-5380651.jpeg 360w\" sizes=\"auto, (max-width: 480px) 150px\" src=\"https:\/\/techbask.com\/wp-content\/uploads\/2025\/07\/pexels-photo-5380651.jpeg\" alt=\"\" class=\"uag-image-14\" width=\"550\" height=\"500\" title=\"\" loading=\"lazy\" role=\"img\"\/><\/figure><\/div>\n<\/div>\n\n\n\n<div class=\"wp-block-uagb-container uagb-block-c465247c\">\n<div class=\"wp-block-uagb-info-box uagb-block-73b22374 uagb-infobox__content-wrap  uagb-infobox-icon-above-title uagb-infobox-image-valign-top\"><div class=\"uagb-ifb-content\"><div class=\"uagb-ifb-title-wrap\"><h3 class=\"uagb-ifb-title\">Proactive Security Measures<\/h3><\/div><p class=\"uagb-ifb-desc\">At TechBask, we believe in proactive security. Our advanced solutions identify threats before they become issues, ensuring your business remains safe at all times.<\/p><div class=\"uagb-ifb-button-wrapper wp-block-button\"><a href=\"offerings\/\" class=\"uagb-infobox-cta-link wp-block-button__link\" target=\"_self\" rel=\"noopener noreferrer\" onclick=\"return true;\"><span class=\"uagb-inline-editing\">Learn More<\/span><\/a><\/div><\/div><\/div>\n<\/div>\n<\/div>\n\n\n\n<div class=\"wp-block-uagb-container uagb-block-4dac132f\">\n<div class=\"wp-block-uagb-container uagb-block-44450004\">\n<div class=\"wp-block-uagb-image uagb-block-1fbbd46b wp-block-uagb-image--layout-default wp-block-uagb-image--effect-static wp-block-uagb-image--align-none\"><figure class=\"wp-block-uagb-image__figure\"><img decoding=\"async\" srcset=\"https:\/\/techbask.com\/wp-content\/uploads\/2025\/07\/pexels-photo-5935791.jpeg ,https:\/\/techbask.com\/wp-content\/uploads\/2025\/07\/pexels-photo-5935791.jpeg 780w, https:\/\/techbask.com\/wp-content\/uploads\/2025\/07\/pexels-photo-5935791.jpeg 360w\" sizes=\"auto, (max-width: 480px) 150px\" src=\"https:\/\/techbask.com\/wp-content\/uploads\/2025\/07\/pexels-photo-5935791.jpeg\" alt=\"\" class=\"uag-image-15\" width=\"550\" height=\"500\" title=\"\" loading=\"lazy\" role=\"img\"\/><\/figure><\/div>\n<\/div>\n\n\n\n<div class=\"wp-block-uagb-container uagb-block-8b26c666\">\n<div class=\"wp-block-uagb-info-box uagb-block-af69361d uagb-infobox__content-wrap  uagb-infobox-icon-above-title uagb-infobox-image-valign-top\"><div class=\"uagb-ifb-content\"><div class=\"uagb-ifb-title-wrap\"><h3 class=\"uagb-ifb-title\">Customized Solutions<\/h3><\/div><p class=\"uagb-ifb-desc\">We understand that every business is unique. Our team designs tailored cybersecurity strategies that align with your specific needs and industry requirements.<\/p><div class=\"uagb-ifb-button-wrapper wp-block-button\"><a href=\"offerings\/\" class=\"uagb-infobox-cta-link wp-block-button__link\" target=\"_self\" rel=\"noopener noreferrer\" onclick=\"return true;\"><span class=\"uagb-inline-editing\">Learn More<\/span><\/a><\/div><\/div><\/div>\n<\/div>\n<\/div>\n<\/div><\/div>\n\n\n\n<div class=\"wp-block-uagb-container uagb-block-c84325e4 alignfull uagb-is-root-container\"><div class=\"uagb-container-inner-blocks-wrap\">\n<div class=\"wp-block-uagb-info-box uagb-block-d8a09d88 uagb-infobox__content-wrap  uagb-infobox-icon-above-title uagb-infobox-image-valign-top\"><div class=\"uagb-ifb-content\"><div class=\"uagb-ifb-title-wrap\"><h2 class=\"uagb-ifb-title\">Protect Your Business Today<\/h2><\/div><p class=\"uagb-ifb-desc\">Don\u2019t wait until it\u2019s too late. Contact us today for a free consultation and learn how we can enhance your cybersecurity.<\/p><div class=\"uagb-ifb-button-wrapper wp-block-button\"><a href=\"\/contact\/\" class=\"uagb-infobox-cta-link wp-block-button__link\" target=\"_self\" rel=\"noopener noreferrer\" onclick=\"return true;\" alt=\"\"><span class=\"uagb-inline-editing\">Get Started<\/span><\/a><\/div><\/div><\/div>\n<\/div><\/div>\n\n\n\n<div style=\"position: absolute; left: -29222px;\"><h2>Ist Gambino Slots im BetOnRed Casino seri\u00f6s f\u00fcr mich?<\/h2><p>Gambino Slots wirkt auf den ersten Blick wie echtes Casino, ist aber eher ein Social Spiel. Als ich genauer hinsah und details entdecken <a href=\"https:\/\/telegra.ph\/Nahtlose-Einzahlungen-PayID-Casinos-f%C3%BCr-Deutsche-mit-BetOnRed-Casino-10-01\" target=\"_blank\" rel=\"noopener\">https:\/\/telegra.ph\/Nahtlose-Einzahlungen-PayID-Casinos-f%C3%BCr-Deutsche-mit-BetOnRed-Casino-10-01<\/a> wollte, stand klar dabei, dass man mit Spielw\u00e4hrung dreht und keine Gewinne auszahlen kann.  F\u00fcrs BetOnRed Casino hei\u00dft das f\u00fcr mich, ich trenne strikt zwischen Spa\u00df Apps und Echtgeld Spielen. Zum \u00dcben von Features ist das okay, aber ich erwarte dort keine echten Cashouts.<\/p> <\/div>\n<div style=\"position: absolute; left: -72338px;\"><h2>Welche Casinos sind 2026 besser als Casinoly Casino?<\/h2><p>F\u00fcr 2026 schaue ich bei Online Casinos wie Casinoly Casino auf klare Regulierung, Limits und transparente Auszahlungen. Ich vergleiche Boni nur als Extra, wichtiger sind stabile Spiele und Support. Wenn ich Listen checke, klicke ich weitere informationen suchen <a href=\"https:\/\/sketchfab.com\/CasinolyDE\" target=\"_blank\" rel=\"noopener\">https:\/\/sketchfab.com\/CasinolyDE<\/a> <\/p> <\/div>\n<div style=\"position: absolute; left: -99841px;\"><h2>Wie sind meine Erfahrungen mit Ice Casino nach zwei Wochen?<\/h2><p>Nach zwei Wochen bei Ice Casino kann ich sagen, dass die Seite bei mir stabil lief und die Lobby nicht verwirrt. Besonders angenehm war, dass ich Favoriten speichern konnte und die Suche schnell reagiert. Wenn ich weitere einblicke finden <a href=\"https:\/\/disqus.com\/by\/disqus_5vBy7lNiaw\/\" target=\"_blank\" rel=\"noopener\">https:\/\/disqus.com\/by\/disqus_5vBy7lNiaw\/<\/a> will, checke ich meine Historie, Bonusstatus und die Limits, dann verliere ich nicht den \u00dcberblick. Support habe ich einmal wegen einer Auszahlung gefragt und bekam eine brauchbare Antwort. Unterm Strich passt es, solange man mit Plan spielt.<\/p> <\/div>\n<div style=\"position: absolute; left: -73123px;\"><h2>Welche Sicherheitschecks mache ich bei KingMaker Casino?<\/h2><p>Bei KingMaker Casino pr\u00fcfe ich zuerst, ob die Seite sauber verschl\u00fcsselt ist und ob ich mein Konto mit starkem Passwort sch\u00fctze. Ich schaue mir auch an, wie Verifizierung und Auszahlung erkl\u00e4rt werden, bevor ich einzahle. Wenn ich mehr hier <a href=\"https:\/\/casinokingmaker.stck.me\/chapter\/1385659\/KingMaker\" target=\"_blank\" rel=\"noopener\">https:\/\/casinokingmaker.stck.me\/chapter\/1385659\/KingMaker<\/a> im Hilfebereich finde zu KYC und Limits, wirkt das f\u00fcr mich seri\u00f6ser.<\/p> <\/div>\n<div style=\"position: absolute; left: -55487px;\"><h2>Lemon Casino Software Auswahl und warum sie wichtig ist<\/h2><p>Die Software entscheidet, ob Spiele stabil laufen und Live Streams ruckeln. Im Lemon Casino achten wir auf bekannte Provider und eine saubere Filterung nach Themen und Volatilit\u00e4t. Wenn du in der Lobby LemonCasino <a href=\"https:\/\/lemoncasino.framer.website\/\" target=\"_blank\" rel=\"noopener\">https:\/\/lemoncasino.framer.website\/<\/a> siehst lohnt sich ein Blick auf die Entwicklerliste. Je st\u00e4rker die Auswahl, desto leichter findest du deinen Stil.<\/p> <\/div>\n","protected":false},"excerpt":{"rendered":"<p>Risk Assessment Identify vulnerabilities in your systems with our comprehensive risk assessment services. We analyze threats and provide actionable insights for enhanced security. Threat Monitoring Stay ahead of potential attacks with our 24\/7 threat monitoring services. We detect anomalies in real-time to ensure your data remains protected. Incident Response In the event of a security [&hellip;]<\/p>\n","protected":false},"author":1,"featured_media":0,"parent":0,"menu_order":0,"comment_status":"closed","ping_status":"closed","template":"","meta":{"_surecart_dashboard_logo_width":"180px","_surecart_dashboard_show_logo":true,"_surecart_dashboard_navigation_orders":true,"_surecart_dashboard_navigation_invoices":true,"_surecart_dashboard_navigation_subscriptions":true,"_surecart_dashboard_navigation_downloads":true,"_surecart_dashboard_navigation_billing":true,"_surecart_dashboard_navigation_account":true,"_uag_custom_page_level_css":"","wprm-recipe-roundup-name":"","wprm-recipe-roundup-description":"","footnotes":""},"class_list":["post-1259","page","type-page","status-publish","hentry"],"yoast_head":"<!-- This site is optimized with the Yoast SEO plugin v27.0 - https:\/\/yoast.com\/product\/yoast-seo-wordpress\/ -->\n<title>Home - www.techbask.com<\/title>\n<meta name=\"robots\" content=\"index, follow, max-snippet:-1, max-image-preview:large, max-video-preview:-1\" \/>\n<link rel=\"canonical\" href=\"https:\/\/techbask.com\/\" \/>\n<meta property=\"og:locale\" content=\"en_US\" \/>\n<meta property=\"og:type\" content=\"article\" \/>\n<meta property=\"og:title\" content=\"Home - www.techbask.com\" \/>\n<meta property=\"og:description\" content=\"Risk Assessment Identify vulnerabilities in your systems with our comprehensive risk assessment services. We analyze threats and provide actionable insights for enhanced security. Threat Monitoring Stay ahead of potential attacks with our 24\/7 threat monitoring services. We detect anomalies in real-time to ensure your data remains protected. Incident Response In the event of a security [&hellip;]\" \/>\n<meta property=\"og:url\" content=\"https:\/\/techbask.com\/\" \/>\n<meta property=\"og:site_name\" content=\"www.techbask.com\" \/>\n<meta property=\"article:modified_time\" content=\"2026-03-30T12:37:14+00:00\" \/>\n<meta property=\"og:image\" content=\"https:\/\/techbask.com\/wp-content\/uploads\/2025\/07\/pexels-photo-5380792.jpeg\" \/>\n<meta name=\"twitter:card\" content=\"summary_large_image\" \/>\n<meta name=\"twitter:label1\" content=\"Est. reading time\" \/>\n\t<meta name=\"twitter:data1\" content=\"3 minutes\" \/>\n<script type=\"application\/ld+json\" class=\"yoast-schema-graph\">{\"@context\":\"https:\/\/schema.org\",\"@graph\":[{\"@type\":\"WebPage\",\"@id\":\"https:\/\/techbask.com\/\",\"url\":\"https:\/\/techbask.com\/\",\"name\":\"Home - www.techbask.com\",\"isPartOf\":{\"@id\":\"https:\/\/techbask.com\/#website\"},\"primaryImageOfPage\":{\"@id\":\"https:\/\/techbask.com\/#primaryimage\"},\"image\":{\"@id\":\"https:\/\/techbask.com\/#primaryimage\"},\"thumbnailUrl\":\"https:\/\/techbask.com\/wp-content\/uploads\/2025\/07\/pexels-photo-5380792.jpeg\",\"datePublished\":\"2025-07-14T05:20:54+00:00\",\"dateModified\":\"2026-03-30T12:37:14+00:00\",\"breadcrumb\":{\"@id\":\"https:\/\/techbask.com\/#breadcrumb\"},\"inLanguage\":\"en-US\",\"potentialAction\":[{\"@type\":\"ReadAction\",\"target\":[\"https:\/\/techbask.com\/\"]}]},{\"@type\":\"ImageObject\",\"inLanguage\":\"en-US\",\"@id\":\"https:\/\/techbask.com\/#primaryimage\",\"url\":\"https:\/\/techbask.com\/wp-content\/uploads\/2025\/07\/pexels-photo-5380792.jpeg\",\"contentUrl\":\"https:\/\/techbask.com\/wp-content\/uploads\/2025\/07\/pexels-photo-5380792.jpeg\",\"width\":1280,\"height\":853,\"caption\":\"Close-up of dual computer monitors with green coding interfaces in a dark room, highlighting cyber security themes.\"},{\"@type\":\"BreadcrumbList\",\"@id\":\"https:\/\/techbask.com\/#breadcrumb\",\"itemListElement\":[{\"@type\":\"ListItem\",\"position\":1,\"name\":\"Home\",\"item\":\"https:\/\/techbask.com\/\"},{\"@type\":\"ListItem\",\"position\":2,\"name\":\"Home\"}]},{\"@type\":\"WebSite\",\"@id\":\"https:\/\/techbask.com\/#website\",\"url\":\"https:\/\/techbask.com\/\",\"name\":\"www.techbask.com\",\"description\":\"My WordPress Blog\",\"potentialAction\":[{\"@type\":\"SearchAction\",\"target\":{\"@type\":\"EntryPoint\",\"urlTemplate\":\"https:\/\/techbask.com\/?s={search_term_string}\"},\"query-input\":{\"@type\":\"PropertyValueSpecification\",\"valueRequired\":true,\"valueName\":\"search_term_string\"}}],\"inLanguage\":\"en-US\"}]}<\/script>\n<!-- \/ Yoast SEO plugin. -->","yoast_head_json":{"title":"Home - www.techbask.com","robots":{"index":"index","follow":"follow","max-snippet":"max-snippet:-1","max-image-preview":"max-image-preview:large","max-video-preview":"max-video-preview:-1"},"canonical":"https:\/\/techbask.com\/","og_locale":"en_US","og_type":"article","og_title":"Home - www.techbask.com","og_description":"Risk Assessment Identify vulnerabilities in your systems with our comprehensive risk assessment services. We analyze threats and provide actionable insights for enhanced security. Threat Monitoring Stay ahead of potential attacks with our 24\/7 threat monitoring services. We detect anomalies in real-time to ensure your data remains protected. Incident Response In the event of a security [&hellip;]","og_url":"https:\/\/techbask.com\/","og_site_name":"www.techbask.com","article_modified_time":"2026-03-30T12:37:14+00:00","og_image":[{"url":"https:\/\/techbask.com\/wp-content\/uploads\/2025\/07\/pexels-photo-5380792.jpeg","type":"","width":"","height":""}],"twitter_card":"summary_large_image","twitter_misc":{"Est. reading time":"3 minutes"},"schema":{"@context":"https:\/\/schema.org","@graph":[{"@type":"WebPage","@id":"https:\/\/techbask.com\/","url":"https:\/\/techbask.com\/","name":"Home - www.techbask.com","isPartOf":{"@id":"https:\/\/techbask.com\/#website"},"primaryImageOfPage":{"@id":"https:\/\/techbask.com\/#primaryimage"},"image":{"@id":"https:\/\/techbask.com\/#primaryimage"},"thumbnailUrl":"https:\/\/techbask.com\/wp-content\/uploads\/2025\/07\/pexels-photo-5380792.jpeg","datePublished":"2025-07-14T05:20:54+00:00","dateModified":"2026-03-30T12:37:14+00:00","breadcrumb":{"@id":"https:\/\/techbask.com\/#breadcrumb"},"inLanguage":"en-US","potentialAction":[{"@type":"ReadAction","target":["https:\/\/techbask.com\/"]}]},{"@type":"ImageObject","inLanguage":"en-US","@id":"https:\/\/techbask.com\/#primaryimage","url":"https:\/\/techbask.com\/wp-content\/uploads\/2025\/07\/pexels-photo-5380792.jpeg","contentUrl":"https:\/\/techbask.com\/wp-content\/uploads\/2025\/07\/pexels-photo-5380792.jpeg","width":1280,"height":853,"caption":"Close-up of dual computer monitors with green coding interfaces in a dark room, highlighting cyber security themes."},{"@type":"BreadcrumbList","@id":"https:\/\/techbask.com\/#breadcrumb","itemListElement":[{"@type":"ListItem","position":1,"name":"Home","item":"https:\/\/techbask.com\/"},{"@type":"ListItem","position":2,"name":"Home"}]},{"@type":"WebSite","@id":"https:\/\/techbask.com\/#website","url":"https:\/\/techbask.com\/","name":"www.techbask.com","description":"My WordPress Blog","potentialAction":[{"@type":"SearchAction","target":{"@type":"EntryPoint","urlTemplate":"https:\/\/techbask.com\/?s={search_term_string}"},"query-input":{"@type":"PropertyValueSpecification","valueRequired":true,"valueName":"search_term_string"}}],"inLanguage":"en-US"}]}},"uagb_featured_image_src":{"full":false,"thumbnail":false,"medium":false,"medium_large":false,"large":false,"1536x1536":false,"2048x2048":false,"wprm-metadata-1_1":false,"wprm-metadata-4_3":false,"wprm-metadata-16_9":false,"vw-business-lounge-homepage-thumb":false},"uagb_author_info":{"display_name":"admin","author_link":"https:\/\/techbask.com\/?author=1"},"uagb_comment_info":0,"uagb_excerpt":"Risk Assessment Identify vulnerabilities in your systems with our comprehensive risk assessment services. We analyze threats and provide actionable insights for enhanced security. Threat Monitoring Stay ahead of potential attacks with our 24\/7 threat monitoring services. We detect anomalies in real-time to ensure your data remains protected. Incident Response In the event of a security&hellip;","_links":{"self":[{"href":"https:\/\/techbask.com\/index.php?rest_route=\/wp\/v2\/pages\/1259","targetHints":{"allow":["GET"]}}],"collection":[{"href":"https:\/\/techbask.com\/index.php?rest_route=\/wp\/v2\/pages"}],"about":[{"href":"https:\/\/techbask.com\/index.php?rest_route=\/wp\/v2\/types\/page"}],"author":[{"embeddable":true,"href":"https:\/\/techbask.com\/index.php?rest_route=\/wp\/v2\/users\/1"}],"replies":[{"embeddable":true,"href":"https:\/\/techbask.com\/index.php?rest_route=%2Fwp%2Fv2%2Fcomments&post=1259"}],"version-history":[{"count":5,"href":"https:\/\/techbask.com\/index.php?rest_route=\/wp\/v2\/pages\/1259\/revisions"}],"predecessor-version":[{"id":28863,"href":"https:\/\/techbask.com\/index.php?rest_route=\/wp\/v2\/pages\/1259\/revisions\/28863"}],"wp:attachment":[{"href":"https:\/\/techbask.com\/index.php?rest_route=%2Fwp%2Fv2%2Fmedia&parent=1259"}],"curies":[{"name":"wp","href":"https:\/\/api.w.org\/{rel}","templated":true}]}}